{"id":2,"date":"2016-09-22T17:14:52","date_gmt":"2016-09-22T23:14:52","guid":{"rendered":"http:\/\/red-sombra.com\/?page_id=2"},"modified":"2018-11-08T12:30:42","modified_gmt":"2018-11-08T18:30:42","slug":"la-red-sombra-sirve","status":"publish","type":"page","link":"https:\/\/red-sombra.com\/","title":{"rendered":"QUE ES LA RED DE SOMBRA Y PARA QUE SIRVE"},"content":{"rendered":"<h2><strong>LA RED <span style=\"color: #ff9900;\"><a style=\"color: #ff9900;\" href=\"https:\/\/www.hortomallas.com\/malla-sombra-obamalla\/\" target=\"_blank\" rel=\"noopener\">SOMBRA<\/a><\/span>: LA SOMBRA QUE MANTIENE BAJAS TEMPERATURAS<\/strong>\u00a0<strong>CARACTER\u00cdSTICAS\u00a0DE LA RED DE SOMBRA\u00a0 Y PARA QUE SIRVE<\/strong><\/h2>\n<figure id=\"attachment_9\" aria-describedby=\"caption-attachment-9\" style=\"width: 140px\" class=\"wp-caption aligncenter\"><img loading=\"lazy\" decoding=\"async\" class=\"wp-image-9 size-medium\" src=\"https:\/\/red-sombra.com\/wp-content\/uploads\/2016\/09\/red_sombra1-140x300.jpg\" alt=\"malla contra calor\" width=\"140\" height=\"300\" srcset=\"https:\/\/red-sombra.com\/wp-content\/uploads\/2016\/09\/red_sombra1-140x300.jpg 140w, https:\/\/red-sombra.com\/wp-content\/uploads\/2016\/09\/red_sombra1.jpg 249w\" sizes=\"auto, (max-width: 140px) 100vw, 140px\" \/><figcaption id=\"caption-attachment-9\" class=\"wp-caption-text\">En esta imagen se aprecia la calidad y la configuraci\u00f3n de la malla sombra.<\/figcaption><\/figure>\n<p>La malla sombra es un telar fabricado de un material llamado<strong><span style=\"color: #ff9900;\"><a style=\"color: #ff9900;\" href=\"https:\/\/es.wikipedia.org\/wiki\/Polietileno\" target=\"_blank\" rel=\"noopener\"> polietileno<\/a><\/span><\/strong> de color negro, esta malla est\u00e1 hecha en forma de tejido. La malla de sombra es un tejido conocido como raschel, las ventajas de ser un tejido son varias: Permeabilidad del aire. Permite que la circulaci\u00f3n libre del aire ya sea desde la parte inferior hacia la superior de la red o viceversa. Haciendo que la temperatura se mantenga m\u00e1s baja en el interior de la red sombra.<\/p>\n<p>Resistencia al rasgado. Al ser un tejido, cuenta con miles de uniones entre s\u00ed. La malla sombra es muy resistente a roturas o rasgaduras.<\/p>\n<p>Elasticidad. La malla sombra es muy el\u00e1stica gracias a su tejidos entre s\u00ed.<\/p>\n<p>Resistencia <strong><span style=\"color: #ff9900;\"><a style=\"color: #ff9900;\" href=\"https:\/\/es.wikipedia.org\/wiki\/T%C3%A9rmica\" target=\"_blank\" rel=\"noopener\">t\u00e9rmica<\/a><\/span><\/strong>. Al ser de color negra, su capacidad de resistencia t\u00e9rmica es muy alta.<\/p>\n<h3><\/h3>\n<p><strong>QUE BENEFICIOS TIENEN LA RED DE SOMBRA<\/strong><\/p>\n<figure id=\"attachment_10\" aria-describedby=\"caption-attachment-10\" style=\"width: 300px\" class=\"wp-caption aligncenter\"><img loading=\"lazy\" decoding=\"async\" class=\"size-medium wp-image-10\" src=\"https:\/\/red-sombra.com\/wp-content\/uploads\/2016\/09\/temperaturas_altas1-300x271.jpg\" alt=\"malla anti calor\" width=\"300\" height=\"271\" srcset=\"https:\/\/red-sombra.com\/wp-content\/uploads\/2016\/09\/temperaturas_altas1-300x271.jpg 300w, https:\/\/red-sombra.com\/wp-content\/uploads\/2016\/09\/temperaturas_altas1.jpg 407w\" sizes=\"auto, (max-width: 300px) 100vw, 300px\" \/><figcaption id=\"caption-attachment-10\" class=\"wp-caption-text\">Las altas temperaturas se reducen bajo la malla anti calor.<\/figcaption><\/figure>\n<p><strong>Temperatura<\/strong>. La red sombra mantiene un mini ambiente\u00a0 con una temperatura constante debajo de su superficie. Esto se puede aprovechar para cultivar hortalizas que necesitan poca luz y una temperatura moderada, como son las: br\u00f3coli, <strong><span style=\"color: #ff9900;\"><a style=\"color: #ff9900;\" href=\"https:\/\/entutorar-pimientos.com\/\" target=\"_blank\" rel=\"noopener\">pimientos<\/a><\/span><\/strong>, coliflor, r\u00e1banos, acelgas, remolacha, jud\u00edas, espinacas. Generalmente son las hortalizas que su usan en las ensaladas y de este modo se evita que se deshidraten por el exceso de luz solar.<\/p>\n<p><strong>Protecci\u00f3n.<\/strong> La red de sombra tambi\u00e9n protege la salud humana, la malla de sombra evita que los rayos<strong><span style=\"color: #ff9900;\"><a style=\"color: #ff9900;\" href=\"https:\/\/es.wikipedia.org\/wiki\/Radiaci%C3%B3n_ultravioleta\" target=\"_blank\" rel=\"noopener\"> UV <\/a><\/span><\/strong>peguen directamente sobre la piel humana, en diversos estudios cient\u00edficos se tiene bien documentado que los rayos UV son la principal causa del c\u00e1ncer de piel. Con la red se reduce la cantidad de ratos UV que pueden provocar esta enfermedad.<\/p>\n<h4><strong>INSTALACION DE LA RED DE SOMBRA<\/strong><\/h4>\n<p>Se puede instalar de diferentes maneras, seg\u00fan la necesidad y el lugar donde se quiera instalar; la red de sombra se ha instalado en estacionamientos, campos agr\u00edcolas, piscinas, patios de escuelas, plazas p\u00fablicas, granjas acu\u00edcolas, campos ganaderos. Se puede instalar de forma vertical con los costados tambi\u00e9n tapados con la malla, es como si se quisiera hacer casa sombra.<\/p>\n<figure id=\"attachment_11\" aria-describedby=\"caption-attachment-11\" style=\"width: 300px\" class=\"wp-caption aligncenter\"><img loading=\"lazy\" decoding=\"async\" class=\"wp-image-11 size-medium\" src=\"https:\/\/red-sombra.com\/wp-content\/uploads\/2016\/09\/Fabricacion_de_in_invernadero_con_la_obamalla1-300x137.jpg\" alt=\"malla obamalla\" width=\"300\" height=\"137\" srcset=\"https:\/\/red-sombra.com\/wp-content\/uploads\/2016\/09\/Fabricacion_de_in_invernadero_con_la_obamalla1-300x137.jpg 300w, https:\/\/red-sombra.com\/wp-content\/uploads\/2016\/09\/Fabricacion_de_in_invernadero_con_la_obamalla1.jpg 415w\" sizes=\"auto, (max-width: 300px) 100vw, 300px\" \/><figcaption id=\"caption-attachment-11\" class=\"wp-caption-text\">Fabricaci\u00f3n de una casa anti -calor con la red sombra.<\/figcaption><\/figure>\n<p>Se puede instalar en forma curvada, de esta manera se hace un t\u00fanel invernadero para hortalizas que se est\u00e9n <span style=\"color: #ff9900;\"><strong><a style=\"color: #ff9900;\" href=\"https:\/\/entutorado.com\" target=\"_blank\" rel=\"noopener\">entutorando<\/a><\/strong><\/span>. Tambi\u00e9n se puede colocar verticalmente para proteger el ganado o personas\u00a0 de la radiaci\u00f3n solar.<\/p>\n<figure id=\"attachment_12\" aria-describedby=\"caption-attachment-12\" style=\"width: 300px\" class=\"wp-caption aligncenter\"><img loading=\"lazy\" decoding=\"async\" class=\"size-medium wp-image-12\" src=\"https:\/\/red-sombra.com\/wp-content\/uploads\/2016\/09\/ganado_bajo_laproteccion_de_la_red_sombra1-300x273.jpg\" alt=\"ganado prtegido\" width=\"300\" height=\"273\" srcset=\"https:\/\/red-sombra.com\/wp-content\/uploads\/2016\/09\/ganado_bajo_laproteccion_de_la_red_sombra1-300x273.jpg 300w, https:\/\/red-sombra.com\/wp-content\/uploads\/2016\/09\/ganado_bajo_laproteccion_de_la_red_sombra1.jpg 496w\" sizes=\"auto, (max-width: 300px) 100vw, 300px\" \/><figcaption id=\"caption-attachment-12\" class=\"wp-caption-text\">El ganado esta mas fresco y c\u00f3modo bajo la sombra de esta malla.<\/figcaption><\/figure>\n<h5><strong>DONDE COMPRAR LAS RED DE SOMBRA\u00a0\u00a0\u00a0\u00a0\u00a0\u00a0\u00a0\u00a0\u00a0\u00a0\u00a0\u00a0\u00a0\u00a0\u00a0\u00a0<\/strong><\/h5>\n<p><strong>\u00a0 <\/strong> La empresa <strong><a href=\"https:\/\/www.hortomallas.com\/\" target=\"_blank\" rel=\"noopener\"><span style=\"color: #ff9900;\">Hortomallas<\/span> <\/a><\/strong>se dedica la producci\u00f3n de MALLAS, CONOCIDA como OBAMALLA, tambi\u00e9n FABRICA mallas anti p\u00e1jaros, floricultura, av\u00edcolas, pisc\u00edcolas. Inf\u00f3rmese m\u00e1s sobre caracter\u00edsticas de la obamalla de\u00a0 Hortomallas dando click a la siguiente liga <strong>para <span style=\"color: #ff6600;\"><a style=\"color: #ff6600;\" href=\"https:\/\/www.hortomallas.com\/en\/contact-us\/\" target=\"_blank\" rel=\"noopener\">contactarnos<\/a><\/span>.<\/strong><\/p>\n<figure id=\"attachment_14\" aria-describedby=\"caption-attachment-14\" style=\"width: 300px\" class=\"wp-caption aligncenter\"><img loading=\"lazy\" decoding=\"async\" class=\"size-medium wp-image-14\" src=\"https:\/\/red-sombra.com\/wp-content\/uploads\/2016\/09\/malla_espaldera1-300x88.jpg\" alt=\"La malla espaldera es otro producto de la empresa hortomallas\" width=\"300\" height=\"88\" srcset=\"https:\/\/red-sombra.com\/wp-content\/uploads\/2016\/09\/malla_espaldera1-300x88.jpg 300w, https:\/\/red-sombra.com\/wp-content\/uploads\/2016\/09\/malla_espaldera1-600x176.jpg 600w, https:\/\/red-sombra.com\/wp-content\/uploads\/2016\/09\/malla_espaldera1.jpg 735w\" sizes=\"auto, (max-width: 300px) 100vw, 300px\" \/><figcaption id=\"caption-attachment-14\" class=\"wp-caption-text\">La malla espaldera es otro producto de la empresa hortomallas.<\/figcaption><\/figure>\n<p><strong>NO SE QUEDE EN EL SOL Y PONAGASE A LA SOMBRA\u00a0 CON LA <span style=\"color: #ff6600;\"><a style=\"color: #ff6600;\" href=\"https:\/\/www.hortomallas.com\/casa-sombra-obamalla\/\" target=\"_blank\" rel=\"noopener\">OBAMALLA<\/a><\/span>.<\/strong><\/p>\n<p>&nbsp;<\/p>\n<p>RGOG<\/p>\n<p><img loading=\"lazy\" decoding=\"async\" class=\"alignnone wp-image-36 size-full\" src=\"https:\/\/red-sombra.com\/wp-content\/uploads\/2018\/01\/red-sombra.com-obamalla.jpg\" alt=\"contacto de donde comprar red de sombra para invernaderos\" width=\"700\" height=\"500\" srcset=\"https:\/\/red-sombra.com\/wp-content\/uploads\/2018\/01\/red-sombra.com-obamalla.jpg 700w, https:\/\/red-sombra.com\/wp-content\/uploads\/2018\/01\/red-sombra.com-obamalla-300x214.jpg 300w, https:\/\/red-sombra.com\/wp-content\/uploads\/2018\/01\/red-sombra.com-obamalla-600x429.jpg 600w\" sizes=\"auto, (max-width: 700px) 100vw, 700px\" \/><\/p>\n","protected":false},"excerpt":{"rendered":"<p>LA RED SOMBRA: LA SOMBRA QUE MANTIENE BAJAS TEMPERATURAS\u00a0CARACTER\u00cdSTICAS\u00a0DE LA RED DE SOMBRA\u00a0 Y PARA QUE SIRVE La malla sombra es un telar fabricado de un material llamado polietileno de color negro, esta malla est\u00e1 hecha en forma de tejido. La malla de sombra es un tejido conocido como raschel, las ventajas de ser un [&hellip;]<\/p>\n","protected":false},"author":1,"featured_media":0,"parent":0,"menu_order":0,"comment_status":"closed","ping_status":"open","template":"","meta":{"footnotes":""},"class_list":["post-2","page","type-page","status-publish","hentry"],"yoast_head":"<!-- This site is optimized with the Yoast SEO plugin v26.2 - https:\/\/yoast.com\/wordpress\/plugins\/seo\/ -->\n<title>QUE ES LA RED DE SOMBRA Y PARA QUE SIRVE - OBAMALLA La Red Sombra<\/title>\n<meta name=\"description\" content=\"La malla sombra es una red o telar fabricado de un material llamado polietileno de color negro, esta malla est\u00e1 hecha en forma de tejido\" \/>\n<meta name=\"robots\" content=\"index, follow, max-snippet:-1, max-image-preview:large, max-video-preview:-1\" \/>\n<link rel=\"canonical\" href=\"https:\/\/red-sombra.com\/\" \/>\n<meta property=\"og:locale\" content=\"es_MX\" \/>\n<meta property=\"og:type\" content=\"article\" \/>\n<meta property=\"og:title\" content=\"QUE ES LA RED DE SOMBRA Y PARA QUE SIRVE - OBAMALLA La Red Sombra\" \/>\n<meta property=\"og:description\" content=\"La malla sombra es una red o telar fabricado de un material llamado polietileno de color negro, esta malla est\u00e1 hecha en forma de tejido\" \/>\n<meta property=\"og:url\" content=\"https:\/\/red-sombra.com\/\" \/>\n<meta property=\"og:site_name\" content=\"OBAMALLA La Red Sombra\" \/>\n<meta property=\"article:modified_time\" content=\"2018-11-08T18:30:42+00:00\" \/>\n<meta property=\"og:image\" content=\"https:\/\/red-sombra.com\/wp-content\/uploads\/2016\/09\/red_sombra1-140x300.jpg\" \/>\n<meta name=\"twitter:card\" content=\"summary_large_image\" \/>\n<meta name=\"twitter:label1\" content=\"Tiempo de lectura\" \/>\n\t<meta name=\"twitter:data1\" content=\"3 minutos\" \/>\n<script type=\"application\/ld+json\" class=\"yoast-schema-graph\">{\"@context\":\"https:\/\/schema.org\",\"@graph\":[{\"@type\":\"WebPage\",\"@id\":\"https:\/\/red-sombra.com\/\",\"url\":\"https:\/\/red-sombra.com\/\",\"name\":\"QUE ES LA RED DE SOMBRA Y PARA QUE SIRVE - OBAMALLA La Red Sombra\",\"isPartOf\":{\"@id\":\"https:\/\/red-sombra.com\/#website\"},\"primaryImageOfPage\":{\"@id\":\"https:\/\/red-sombra.com\/#primaryimage\"},\"image\":{\"@id\":\"https:\/\/red-sombra.com\/#primaryimage\"},\"thumbnailUrl\":\"https:\/\/red-sombra.com\/wp-content\/uploads\/2016\/09\/red_sombra1-140x300.jpg\",\"datePublished\":\"2016-09-22T23:14:52+00:00\",\"dateModified\":\"2018-11-08T18:30:42+00:00\",\"description\":\"La malla sombra es una red o telar fabricado de un material llamado polietileno de color negro, esta malla est\u00e1 hecha en forma de tejido\",\"breadcrumb\":{\"@id\":\"https:\/\/red-sombra.com\/#breadcrumb\"},\"inLanguage\":\"es\",\"potentialAction\":[{\"@type\":\"ReadAction\",\"target\":[\"https:\/\/red-sombra.com\/\"]}]},{\"@type\":\"ImageObject\",\"inLanguage\":\"es\",\"@id\":\"https:\/\/red-sombra.com\/#primaryimage\",\"url\":\"https:\/\/red-sombra.com\/wp-content\/uploads\/2016\/09\/red_sombra1.jpg\",\"contentUrl\":\"https:\/\/red-sombra.com\/wp-content\/uploads\/2016\/09\/red_sombra1.jpg\",\"width\":249,\"height\":532,\"caption\":\"En esta imagen se aprecia la calidad y la configuraci\u00f3n de la malla sombra.\"},{\"@type\":\"BreadcrumbList\",\"@id\":\"https:\/\/red-sombra.com\/#breadcrumb\",\"itemListElement\":[{\"@type\":\"ListItem\",\"position\":1,\"name\":\"Inicio\",\"item\":\"https:\/\/red-sombra.com\/\"},{\"@type\":\"ListItem\",\"position\":2,\"name\":\"QUE ES LA RED DE SOMBRA Y PARA QUE SIRVE\"}]},{\"@type\":\"WebSite\",\"@id\":\"https:\/\/red-sombra.com\/#website\",\"url\":\"https:\/\/red-sombra.com\/\",\"name\":\"OBAMALLA La Red Sombra\",\"description\":\"El Color de la Sombra\",\"potentialAction\":[{\"@type\":\"SearchAction\",\"target\":{\"@type\":\"EntryPoint\",\"urlTemplate\":\"https:\/\/red-sombra.com\/?s={search_term_string}\"},\"query-input\":{\"@type\":\"PropertyValueSpecification\",\"valueRequired\":true,\"valueName\":\"search_term_string\"}}],\"inLanguage\":\"es\"}]}<\/script>\n<!-- \/ Yoast SEO plugin. -->","yoast_head_json":{"title":"QUE ES LA RED DE SOMBRA Y PARA QUE SIRVE - OBAMALLA La Red Sombra","description":"La malla sombra es una red o telar fabricado de un material llamado polietileno de color negro, esta malla est\u00e1 hecha en forma de tejido","robots":{"index":"index","follow":"follow","max-snippet":"max-snippet:-1","max-image-preview":"max-image-preview:large","max-video-preview":"max-video-preview:-1"},"canonical":"https:\/\/red-sombra.com\/","og_locale":"es_MX","og_type":"article","og_title":"QUE ES LA RED DE SOMBRA Y PARA QUE SIRVE - OBAMALLA La Red Sombra","og_description":"La malla sombra es una red o telar fabricado de un material llamado polietileno de color negro, esta malla est\u00e1 hecha en forma de tejido","og_url":"https:\/\/red-sombra.com\/","og_site_name":"OBAMALLA La Red Sombra","article_modified_time":"2018-11-08T18:30:42+00:00","og_image":[{"url":"https:\/\/red-sombra.com\/wp-content\/uploads\/2016\/09\/red_sombra1-140x300.jpg","type":"","width":"","height":""}],"twitter_card":"summary_large_image","twitter_misc":{"Tiempo de lectura":"3 minutos"},"schema":{"@context":"https:\/\/schema.org","@graph":[{"@type":"WebPage","@id":"https:\/\/red-sombra.com\/","url":"https:\/\/red-sombra.com\/","name":"QUE ES LA RED DE SOMBRA Y PARA QUE SIRVE - OBAMALLA La Red Sombra","isPartOf":{"@id":"https:\/\/red-sombra.com\/#website"},"primaryImageOfPage":{"@id":"https:\/\/red-sombra.com\/#primaryimage"},"image":{"@id":"https:\/\/red-sombra.com\/#primaryimage"},"thumbnailUrl":"https:\/\/red-sombra.com\/wp-content\/uploads\/2016\/09\/red_sombra1-140x300.jpg","datePublished":"2016-09-22T23:14:52+00:00","dateModified":"2018-11-08T18:30:42+00:00","description":"La malla sombra es una red o telar fabricado de un material llamado polietileno de color negro, esta malla est\u00e1 hecha en forma de tejido","breadcrumb":{"@id":"https:\/\/red-sombra.com\/#breadcrumb"},"inLanguage":"es","potentialAction":[{"@type":"ReadAction","target":["https:\/\/red-sombra.com\/"]}]},{"@type":"ImageObject","inLanguage":"es","@id":"https:\/\/red-sombra.com\/#primaryimage","url":"https:\/\/red-sombra.com\/wp-content\/uploads\/2016\/09\/red_sombra1.jpg","contentUrl":"https:\/\/red-sombra.com\/wp-content\/uploads\/2016\/09\/red_sombra1.jpg","width":249,"height":532,"caption":"En esta imagen se aprecia la calidad y la configuraci\u00f3n de la malla sombra."},{"@type":"BreadcrumbList","@id":"https:\/\/red-sombra.com\/#breadcrumb","itemListElement":[{"@type":"ListItem","position":1,"name":"Inicio","item":"https:\/\/red-sombra.com\/"},{"@type":"ListItem","position":2,"name":"QUE ES LA RED DE SOMBRA Y PARA QUE SIRVE"}]},{"@type":"WebSite","@id":"https:\/\/red-sombra.com\/#website","url":"https:\/\/red-sombra.com\/","name":"OBAMALLA La Red Sombra","description":"El Color de la Sombra","potentialAction":[{"@type":"SearchAction","target":{"@type":"EntryPoint","urlTemplate":"https:\/\/red-sombra.com\/?s={search_term_string}"},"query-input":{"@type":"PropertyValueSpecification","valueRequired":true,"valueName":"search_term_string"}}],"inLanguage":"es"}]}},"_links":{"self":[{"href":"https:\/\/red-sombra.com\/index.php\/wp-json\/wp\/v2\/pages\/2","targetHints":{"allow":["GET"]}}],"collection":[{"href":"https:\/\/red-sombra.com\/index.php\/wp-json\/wp\/v2\/pages"}],"about":[{"href":"https:\/\/red-sombra.com\/index.php\/wp-json\/wp\/v2\/types\/page"}],"author":[{"embeddable":true,"href":"https:\/\/red-sombra.com\/index.php\/wp-json\/wp\/v2\/users\/1"}],"replies":[{"embeddable":true,"href":"https:\/\/red-sombra.com\/index.php\/wp-json\/wp\/v2\/comments?post=2"}],"version-history":[{"count":16,"href":"https:\/\/red-sombra.com\/index.php\/wp-json\/wp\/v2\/pages\/2\/revisions"}],"predecessor-version":[{"id":35,"href":"https:\/\/red-sombra.com\/index.php\/wp-json\/wp\/v2\/pages\/2\/revisions\/35"}],"wp:attachment":[{"href":"https:\/\/red-sombra.com\/index.php\/wp-json\/wp\/v2\/media?parent=2"}],"curies":[{"name":"wp","href":"https:\/\/api.w.org\/{rel}","templated":true}]}}